{"id":49,"date":"2023-02-23T13:56:53","date_gmt":"2023-02-23T13:56:53","guid":{"rendered":"https:\/\/kinderschutzbund-bockenem.de\/?page_id=49"},"modified":"2026-02-18T21:25:22","modified_gmt":"2026-02-18T21:25:22","slug":"spenden","status":"publish","type":"page","link":"https:\/\/kinderschutzbund-bockenem.de\/?page_id=49","title":{"rendered":"Spenden"},"content":{"rendered":"<div data-colibri-id=\"49-c1\" class=\"style-225 style-local-49-c1 position-relative\">\n  <!---->\n  <div data-colibri-component=\"section\" data-colibri-id=\"49-c2\" id=\"features\" class=\"h-section h-section-global-spacing d-flex align-items-lg-center align-items-md-center align-items-center style-670 style-local-49-c2 position-relative\">\n    <!---->\n    <!---->\n    <div class=\"h-section-grid-container h-section-boxed-container\">\n      <div data-colibri-id=\"49-c16\" class=\"h-row-container gutters-row-lg-2 gutters-row-md-2 gutters-row-2 gutters-row-v-lg-2 gutters-row-v-md-2 gutters-row-v-2 style-678 style-local-49-c16 position-relative\">\n        <!---->\n        <div class=\"h-row justify-content-lg-center justify-content-md-center justify-content-center align-items-lg-stretch align-items-md-stretch align-items-stretch gutters-col-lg-2 gutters-col-md-2 gutters-col-2 gutters-col-v-lg-2 gutters-col-v-md-2 gutters-col-v-2\">\n          <!---->\n          <div class=\"h-column h-column-container d-flex h-col-lg-auto h-col-md-auto h-col-auto style-679-outer style-local-49-c17-outer\">\n            <div data-colibri-id=\"49-c17\" class=\"d-flex h-flex-basis h-column__inner h-px-lg-2 h-px-md-2 h-px-2 v-inner-lg-2 v-inner-md-2 v-inner-2 style-679 style-local-49-c17 position-relative\">\n              <!---->\n              <!---->\n              <div class=\"w-100 h-y-container h-column__content h-column__v-align flex-basis-100 align-self-lg-start align-self-md-start align-self-start\">\n                <!---->\n                <div data-colibri-id=\"49-c18\" class=\"h-global-transition-all h-heading style-680 style-local-49-c18 position-relative h-element\">\n                  <!---->\n                  <div class=\"h-heading__outer style-680 style-local-49-c18\">\n                    <!---->\n                    <!---->\n                    <h2 class=\"\">Unterst\u00fctzen Sie unsere Ortsgruppe\n                      <br><span style=\"font-weight: 600;\">Ihre Spende macht den Unterschied<\/span><\/h2>\n                  <\/div>\n                <\/div>\n              <\/div>\n            <\/div>\n          <\/div>\n        <\/div>\n      <\/div>\n      <div data-colibri-id=\"49-c3\" class=\"h-row-container gutters-row-lg-2 gutters-row-md-2 gutters-row-2 gutters-row-v-lg-2 gutters-row-v-md-2 gutters-row-v-2 style-671 style-local-49-c3 position-relative\">\n        <!---->\n        <div class=\"h-row justify-content-lg-center justify-content-md-center justify-content-center align-items-lg-stretch align-items-md-stretch align-items-stretch gutters-col-lg-2 gutters-col-md-2 gutters-col-2 gutters-col-v-lg-2 gutters-col-v-md-2 gutters-col-v-2\">\n          <!---->\n          <div class=\"h-column h-column-container d-flex h-col-lg-4 h-col-md-6 h-col-12 style-672-outer style-local-49-c4-outer\">\n            <div data-colibri-id=\"49-c4\" class=\"d-flex h-flex-basis h-column__inner h-px-lg-0 h-px-md-0 h-px-0 v-inner-lg-0 v-inner-md-0 v-inner-0 style-672 style-local-49-c4 position-relative\">\n              <!---->\n              <!---->\n              <div class=\"w-100 h-y-container h-column__content h-column__v-align flex-basis-100 align-self-lg-start align-self-md-start align-self-start\">\n                <!---->\n                <div data-colibri-id=\"49-c5\" class=\"d-block style-673 style-local-49-c5 position-relative h-element\">\n                  <!---->\n                  <div class=\"h-image__frame-container-outer\">\n                    <div class=\"h-image__frame-container\">\n                      <!---->\n                      <!---->\n                      <img loading=\"lazy\" decoding=\"async\" width=\"1170\" height=\"1170\" src=\"https:\/\/kinderschutzbund-bockenem.de\/wp-content\/uploads\/2026\/02\/cropped-IMG_6428.jpeg\" class=\"wp-image-514 style-673-image style-local-49-c5-image\" alt=\"\" srcset=\"https:\/\/kinderschutzbund-bockenem.de\/wp-content\/uploads\/2026\/02\/cropped-IMG_6428.jpeg 1170w, https:\/\/kinderschutzbund-bockenem.de\/wp-content\/uploads\/2026\/02\/cropped-IMG_6428-300x300.jpeg 300w, https:\/\/kinderschutzbund-bockenem.de\/wp-content\/uploads\/2026\/02\/cropped-IMG_6428-1024x1024.jpeg 1024w, https:\/\/kinderschutzbund-bockenem.de\/wp-content\/uploads\/2026\/02\/cropped-IMG_6428-150x150.jpeg 150w, https:\/\/kinderschutzbund-bockenem.de\/wp-content\/uploads\/2026\/02\/cropped-IMG_6428-768x768.jpeg 768w\" sizes=\"auto, (max-width: 1170px) 100vw, 1170px\" \/>\n                      <div class=\"h-image__frame h-hide-lg h-hide-md h-hide-sm style-673-frameImage style-local-49-c5-frameImage\"><\/div>\n                    <\/div>\n                  <\/div>\n                <\/div>\n                <div data-colibri-id=\"49-c6\" class=\"h-global-transition-all h-heading style-674 style-local-49-c6 position-relative h-element\">\n                  <!---->\n                  <div class=\"h-heading__outer style-674 style-local-49-c6\">\n                    <!---->\n                    <!---->\n                    <h4 class=\"\">Ihre Unterst\u00fctzung<\/h4>\n                  <\/div>\n                <\/div>\n                <div data-colibri-id=\"49-c7\" class=\"h-text h-text-component style-675 style-local-49-c7 position-relative h-element\">\n                  <!---->\n                  <!---->\n                  <div class=\"\">\n                    <p>&nbsp;Jede Spende hilft, wichtige Projekte und Angebote zu unterst\u00fctzen. Mit ihrem Beitrag k\u00f6nnen Kinder, Jugendliche und Familien gef\u00f6rdert werden.<\/p>\n                  <\/div>\n                <\/div>\n              <\/div>\n            <\/div>\n          <\/div>\n          <div class=\"h-column h-column-container d-flex h-col-lg-4 h-col-md-6 h-col-12 style-672-outer style-local-49-c8-outer\">\n            <div data-colibri-id=\"49-c8\" class=\"d-flex h-flex-basis h-column__inner h-px-lg-0 h-px-md-0 h-px-0 v-inner-lg-0 v-inner-md-0 v-inner-0 style-672 style-local-49-c8 position-relative\">\n              <!---->\n              <!---->\n              <div class=\"w-100 h-y-container h-column__content h-column__v-align flex-basis-100 align-self-lg-start align-self-md-start align-self-start\">\n                <!---->\n                <div data-colibri-id=\"49-c9\" class=\"d-block style-673 style-local-49-c9 position-relative h-element\">\n                  <!---->\n                  <div class=\"h-image__frame-container-outer\">\n                    <div class=\"h-image__frame-container\">\n                      <!---->\n                      <!---->\n                      <img loading=\"lazy\" decoding=\"async\" width=\"1170\" height=\"1171\" src=\"https:\/\/kinderschutzbund-bockenem.de\/wp-content\/uploads\/2026\/02\/cropped-IMG_6429.jpeg\" class=\"wp-image-512 style-673-image style-local-49-c9-image\" alt=\"\" srcset=\"https:\/\/kinderschutzbund-bockenem.de\/wp-content\/uploads\/2026\/02\/cropped-IMG_6429.jpeg 1170w, https:\/\/kinderschutzbund-bockenem.de\/wp-content\/uploads\/2026\/02\/cropped-IMG_6429-300x300.jpeg 300w, https:\/\/kinderschutzbund-bockenem.de\/wp-content\/uploads\/2026\/02\/cropped-IMG_6429-1024x1024.jpeg 1024w, https:\/\/kinderschutzbund-bockenem.de\/wp-content\/uploads\/2026\/02\/cropped-IMG_6429-150x150.jpeg 150w, https:\/\/kinderschutzbund-bockenem.de\/wp-content\/uploads\/2026\/02\/cropped-IMG_6429-768x769.jpeg 768w\" sizes=\"auto, (max-width: 1170px) 100vw, 1170px\" \/>\n                      <div class=\"h-image__frame h-hide-lg h-hide-md h-hide-sm style-673-frameImage style-local-49-c9-frameImage\"><\/div>\n                    <\/div>\n                  <\/div>\n                <\/div>\n                <div data-colibri-id=\"49-c10\" class=\"h-global-transition-all h-heading style-674 style-local-49-c10 position-relative h-element\">\n                  <!---->\n                  <div class=\"h-heading__outer style-674 style-local-49-c10\">\n                    <!---->\n                    <!---->\n                    <h4 class=\"\">Gemeinsam helfen<\/h4>\n                  <\/div>\n                <\/div>\n                <div data-colibri-id=\"49-c11\" class=\"h-text h-text-component style-675 style-local-49-c11 position-relative h-element\">\n                  <!---->\n                  <!---->\n                  <div class=\"\">\n                    <p>Ob einmalig oder regelm\u00e4\u00dfig &#8211; jede Unterst\u00fctzung tr\u00e4gt dazu bei, Hilfe dort anzubieten, wo sie gebraucht wird.<\/p>\n                  <\/div>\n                <\/div>\n              <\/div>\n            <\/div>\n          <\/div>\n          <div class=\"h-column h-column-container d-flex h-col-lg-4 h-col-md-6 h-col-12 style-672-outer style-local-49-c12-outer\">\n            <div data-colibri-id=\"49-c12\" class=\"d-flex h-flex-basis h-column__inner h-px-lg-0 h-px-md-0 h-px-0 v-inner-lg-0 v-inner-md-0 v-inner-0 style-672 style-local-49-c12 position-relative\">\n              <!---->\n              <!---->\n              <div class=\"w-100 h-y-container h-column__content h-column__v-align flex-basis-100 align-self-lg-start align-self-md-start align-self-start\">\n                <!---->\n                <div data-colibri-id=\"49-c13\" class=\"d-block style-673 style-local-49-c13 position-relative h-element\">\n                  <!---->\n                  <div class=\"h-image__frame-container-outer\">\n                    <div class=\"h-image__frame-container\">\n                      <!---->\n                      <!---->\n                      <img loading=\"lazy\" decoding=\"async\" width=\"1168\" height=\"1170\" src=\"https:\/\/kinderschutzbund-bockenem.de\/wp-content\/uploads\/2026\/02\/cropped-IMG_6427.jpeg\" class=\"wp-image-515 style-673-image style-local-49-c13-image\" alt=\"\" srcset=\"https:\/\/kinderschutzbund-bockenem.de\/wp-content\/uploads\/2026\/02\/cropped-IMG_6427.jpeg 1168w, https:\/\/kinderschutzbund-bockenem.de\/wp-content\/uploads\/2026\/02\/cropped-IMG_6427-300x300.jpeg 300w, https:\/\/kinderschutzbund-bockenem.de\/wp-content\/uploads\/2026\/02\/cropped-IMG_6427-1022x1024.jpeg 1022w, https:\/\/kinderschutzbund-bockenem.de\/wp-content\/uploads\/2026\/02\/cropped-IMG_6427-150x150.jpeg 150w, https:\/\/kinderschutzbund-bockenem.de\/wp-content\/uploads\/2026\/02\/cropped-IMG_6427-768x769.jpeg 768w\" sizes=\"auto, (max-width: 1168px) 100vw, 1168px\" \/>\n                      <div class=\"h-image__frame h-hide-lg h-hide-md h-hide-sm style-673-frameImage style-local-49-c13-frameImage\"><\/div>\n                    <\/div>\n                  <\/div>\n                <\/div>\n                <div data-colibri-id=\"49-c14\" class=\"h-global-transition-all h-heading style-674 style-local-49-c14 position-relative h-element\">\n                  <!---->\n                  <div class=\"h-heading__outer style-674 style-local-49-c14\">\n                    <!---->\n                    <!---->\n                    <h4 class=\"\">Spendenkonto<\/h4>\n                  <\/div>\n                <\/div>\n                <div data-colibri-id=\"49-c15\" class=\"h-text h-text-component style-675 style-local-49-c15 position-relative h-element\">\n                  <!---->\n                  <!---->\n                  <div class=\"\">\n                    <p><strong>Deutscher Kinderschutzbund e.V. OV Bockenem<\/strong><\/p>\n                    <p><strong>IBAN: DE 29 25950130 0070026506<\/strong><\/p>\n                    <p><strong>BIC: NOLADE21HIK (Sparkasse HGP)<\/strong><\/p>\n                  <\/div>\n                <\/div>\n              <\/div>\n            <\/div>\n          <\/div>\n        <\/div>\n      <\/div>\n    <\/div>\n  <\/div>\n<\/div>","protected":false},"excerpt":{"rendered":"<p>Unterst\u00fctzen Sie unsere Ortsgruppe Ihre Spende macht den Unterschied Ihre Unterst\u00fctzung &nbsp;Jede Spende hilft, wichtige Projekte und Angebote zu unterst\u00fctzen. Mit ihrem Beitrag k\u00f6nnen Kinder, Jugendliche und Familien gef\u00f6rdert werden. Gemeinsam helfen Ob einmalig oder regelm\u00e4\u00dfig &#8211; jede Unterst\u00fctzung tr\u00e4gt dazu bei, Hilfe dort anzubieten, wo sie gebraucht wird. Spendenkonto Deutscher Kinderschutzbund e.V. OV Bockenem [&hellip;]<\/p>\n","protected":false},"author":1,"featured_media":0,"parent":0,"menu_order":0,"comment_status":"closed","ping_status":"closed","template":"page-templates\/full-width-page.php","meta":{"footnotes":""},"class_list":["post-49","page","type-page","status-publish","hentry"],"_links":{"self":[{"href":"https:\/\/kinderschutzbund-bockenem.de\/index.php?rest_route=\/wp\/v2\/pages\/49","targetHints":{"allow":["GET"]}}],"collection":[{"href":"https:\/\/kinderschutzbund-bockenem.de\/index.php?rest_route=\/wp\/v2\/pages"}],"about":[{"href":"https:\/\/kinderschutzbund-bockenem.de\/index.php?rest_route=\/wp\/v2\/types\/page"}],"author":[{"embeddable":true,"href":"https:\/\/kinderschutzbund-bockenem.de\/index.php?rest_route=\/wp\/v2\/users\/1"}],"replies":[{"embeddable":true,"href":"https:\/\/kinderschutzbund-bockenem.de\/index.php?rest_route=%2Fwp%2Fv2%2Fcomments&post=49"}],"version-history":[{"count":8,"href":"https:\/\/kinderschutzbund-bockenem.de\/index.php?rest_route=\/wp\/v2\/pages\/49\/revisions"}],"predecessor-version":[{"id":908,"href":"https:\/\/kinderschutzbund-bockenem.de\/index.php?rest_route=\/wp\/v2\/pages\/49\/revisions\/908"}],"wp:attachment":[{"href":"https:\/\/kinderschutzbund-bockenem.de\/index.php?rest_route=%2Fwp%2Fv2%2Fmedia&parent=49"}],"curies":[{"name":"wp","href":"https:\/\/api.w.org\/{rel}","templated":true}]}}