{"id":35,"date":"2023-02-23T13:37:27","date_gmt":"2023-02-23T13:37:27","guid":{"rendered":"https:\/\/kinderschutzbund-bockenem.de\/?page_id=35"},"modified":"2026-02-20T06:53:35","modified_gmt":"2026-02-20T06:53:35","slug":"aktionen","status":"publish","type":"page","link":"https:\/\/kinderschutzbund-bockenem.de\/?page_id=35","title":{"rendered":"Aktionen"},"content":{"rendered":"<div data-colibri-id=\"35-c1\" class=\"style-697 style-local-35-c1 position-relative\">\n  <!---->\n  <div data-colibri-component=\"section\" data-colibri-id=\"35-c30\" id=\"about\" class=\"h-section h-section-global-spacing d-flex align-items-lg-center align-items-md-center align-items-center style-1185 style-local-35-c30 position-relative\">\n    <!---->\n    <!---->\n    <div class=\"h-section-grid-container h-section-boxed-container\">\n      <!---->\n      <div data-colibri-id=\"35-c31\" class=\"h-row-container gutters-row-lg-0 gutters-row-md-0 gutters-row-0 gutters-row-v-lg-0 gutters-row-v-md-0 gutters-row-v-0 style-1186 style-local-35-c31 position-relative\">\n        <!---->\n        <div class=\"h-row justify-content-lg-center justify-content-md-center justify-content-center align-items-lg-stretch align-items-md-stretch align-items-stretch gutters-col-lg-0 gutters-col-md-0 gutters-col-0 gutters-col-v-lg-0 gutters-col-v-md-0 gutters-col-v-0\">\n          <!---->\n          <div class=\"h-column h-column-container d-flex h-col-lg-auto h-col-md-auto h-col-auto style-1187-outer style-local-35-c32-outer\">\n            <div data-colibri-id=\"35-c32\" class=\"d-flex h-flex-basis h-column__inner h-ui-empty-state-container h-px-lg-0 h-px-md-0 h-px-0 v-inner-lg-0 v-inner-md-0 v-inner-0 colibri-featured-img-bg style-1187 style-local-35-c32 position-relative\">\n              <div class=\"background-wrapper\">\n                <div class=\"background-layer background-layer-media-container-lg\">\n                  <div data-enabled=\"true\" data-colibri-component=\"parallax\" class=\"background-layer paraxify colibri-featured-img-bg\" style=\"background-image: url(&quot;https:\/\/kinderschutzbund-bockenem.de\/wp-content\/uploads\/2026\/02\/cropped-ZsfdM.jpg&quot;); background-position: center center;\"\n                    model-id=\"35-c32\" media=\"desktop\" is-preview=\"true\">\n                    <div class=\"resize-triggers\">\n                      <div class=\"expand-trigger\">\n                        <div style=\"width: 1px; height: 1px;\"><\/div>\n                      <\/div>\n                      <div class=\"contract-trigger\"><\/div>\n                    <\/div>\n                  <\/div>\n                <\/div>\n                <div class=\"background-layer background-layer-media-container-md\">\n                  <div data-enabled=\"true\" data-colibri-component=\"parallax\" class=\"background-layer paraxify colibri-featured-img-bg\" style=\"background-image: url(&quot;https:\/\/kinderschutzbund-bockenem.de\/wp-content\/uploads\/2026\/02\/cropped-ZsfdM.jpg&quot;); background-position: center center;\"\n                    model-id=\"35-c32\" media=\"tablet\" is-preview=\"true\">\n                    <div class=\"resize-triggers\">\n                      <div class=\"expand-trigger\">\n                        <div style=\"width: 1px; height: 1px;\"><\/div>\n                      <\/div>\n                      <div class=\"contract-trigger\"><\/div>\n                    <\/div>\n                  <\/div>\n                <\/div>\n                <div class=\"background-layer background-layer-media-container\">\n                  <div data-enabled=\"true\" data-colibri-component=\"parallax\" class=\"background-layer paraxify colibri-featured-img-bg\" style=\"background-image: url(&quot;https:\/\/kinderschutzbund-bockenem.de\/wp-content\/uploads\/2026\/02\/cropped-ZsfdM.jpg&quot;); background-position: center center;\"\n                    model-id=\"35-c32\" media=\"mobile\" is-preview=\"true\">\n                    <div class=\"resize-triggers\">\n                      <div class=\"expand-trigger\">\n                        <div style=\"width: 1px; height: 1px;\"><\/div>\n                      <\/div>\n                      <div class=\"contract-trigger\"><\/div>\n                    <\/div>\n                  <\/div>\n                <\/div>\n              <\/div>\n              <!---->\n              <div class=\"w-100 h-y-container h-column__content h-column__v-align flex-basis-100\">\n                <!---->\n              <\/div>\n            <\/div>\n          <\/div>\n          <div class=\"h-column h-column-container d-flex h-col-lg-auto h-col-md-auto h-col-auto style-1188-outer style-local-35-c33-outer\">\n            <div data-colibri-id=\"35-c33\" class=\"d-flex h-flex-basis h-column__inner h-px-lg-2 h-px-md-2 h-px-2 v-inner-lg-2 v-inner-md-2 v-inner-2 style-1188 style-local-35-c33 position-relative\">\n              <!---->\n              <!---->\n              <div class=\"w-100 h-y-container h-column__content h-column__v-align flex-basis-100 align-self-lg-start align-self-md-start align-self-start\">\n                <!---->\n                <div data-colibri-id=\"35-c34\" class=\"h-global-transition-all h-heading style-1189 style-local-35-c34 position-relative h-element\">\n                  <!---->\n                  <div class=\"h-heading__outer style-1189 style-local-35-c34\">\n                    <!---->\n                    <!---->\n                    <h5 class=\"\">Zu schade f\u00fcr den M\u00fcll!<\/h5>\n                  <\/div>\n                <\/div>\n                <div data-colibri-id=\"35-c35\" class=\"h-global-transition-all h-heading style-1190 style-local-35-c35 position-relative h-element\">\n                  <!---->\n                  <div class=\"h-heading__outer style-1190 style-local-35-c35\">\n                    <!---->\n                    <!---->\n                    <h2 class=\"\">Wir starten wieder&nbsp;<em style=\"font-family: Playfair Display;\">unsere Aktion<\/em>&nbsp;f\u00fcr alle&nbsp;<em style=\"font-family: Playfair Display;\">Gro\u00df &amp; Klein!<\/em><\/h2>\n                  <\/div>\n                <\/div>\n                <div data-colibri-id=\"35-c36\" class=\"h-text h-text-component style-1191 style-local-35-c36 position-relative h-element\">\n                  <!---->\n                  <!---->\n                  <div class=\"\">\n                    <p>Ihr habt gut erhaltene Dinge.Bringt sie gerne vorbei und schenkt ihnen eine zweite Chance.<\/p>\n                    <p>Bei uns darf anschlie\u00dfend nach Herzenslust gest\u00f6bert und mitgenommen werden, was gef\u00e4llt.<span><br><\/span><\/p>\n                    <p>Au\u00dferdem gibt es wieder ein leckeres Kuchenbuffet.\n                      <img decoding=\"async\" draggable=\"false\" role=\"img\" class=\"emoji\" alt=\"\ud83c\udf70\" src=\"https:\/\/s.w.org\/images\/core\/emoji\/17.0.2\/svg\/1f370.svg\">\n                    <\/p>\n                    <p>\u00dcber eine Spende f\u00fcr unsere Vereinskasse freuen wir uns sehr.\n                      <img decoding=\"async\" draggable=\"false\" role=\"img\" class=\"emoji\" alt=\"\ud83d\udc9a\" src=\"https:\/\/s.w.org\/images\/core\/emoji\/17.0.2\/svg\/1f49a.svg\">\n                    <\/p>\n                    <p>Wer uns bei der Aktion unterst\u00fctzen m\u00f6chte, darf sich jederzeit gerne melden \u2013 wir freuen uns \u00fcber jede helfende Hand!<\/p>\n                    <p>Euer Team vom Kinderschutzbund<\/p>\n                    <p>\n                      <br>\n                    <\/p>\n                  <\/div>\n                <\/div>\n              <\/div>\n            <\/div>\n          <\/div>\n        <\/div>\n      <\/div>\n    <\/div>\n  <\/div>\n  <div data-colibri-component=\"section\" data-colibri-id=\"35-c2\" id=\"content\" class=\"h-section h-section-global-spacing d-flex align-items-lg-center align-items-md-center align-items-center style-1001 style-local-35-c2 position-relative\">\n    <!---->\n    <!---->\n    <div class=\"h-section-grid-container h-section-boxed-container\">\n      <div data-colibri-id=\"35-c26\" class=\"h-row-container gutters-row-lg-2 gutters-row-md-2 gutters-row-2 gutters-row-v-lg-2 gutters-row-v-md-2 gutters-row-v-2 style-1013 style-local-35-c26 position-relative\">\n        <!---->\n        <div class=\"h-row justify-content-lg-center justify-content-md-center justify-content-center align-items-lg-stretch align-items-md-stretch align-items-stretch gutters-col-lg-2 gutters-col-md-2 gutters-col-2 gutters-col-v-lg-2 gutters-col-v-md-2 gutters-col-v-2\">\n          <!---->\n          <div class=\"h-column h-column-container d-flex h-col-lg-auto h-col-md-auto h-col-auto style-1014-outer style-local-35-c27-outer\">\n            <div data-colibri-id=\"35-c27\" class=\"d-flex h-flex-basis h-column__inner h-px-lg-2 h-px-md-2 h-px-2 v-inner-lg-2 v-inner-md-2 v-inner-2 style-1014 style-local-35-c27 position-relative\">\n              <!---->\n              <!---->\n              <div class=\"w-100 h-y-container h-column__content h-column__v-align flex-basis-100 align-self-lg-start align-self-md-start align-self-start\">\n                <!---->\n                <div data-colibri-id=\"35-c28\" class=\"h-global-transition-all h-heading style-1015 style-local-35-c28 position-relative h-element\">\n                  <!---->\n                  <div class=\"h-heading__outer style-1015 style-local-35-c28\">\n                    <!---->\n                    <!---->\n                    <h2 class=\"\">2025<\/h2>\n                  <\/div>\n                <\/div>\n                <div data-colibri-id=\"35-c29\" class=\"h-lead h-text h-text-component style-1016 style-local-35-c29 position-relative h-element\">\n                  <!---->\n                  <!---->\n                  <div class=\"\">\n                    <p><span style=\"font-weight: 400;\">Mit unseren Aktionen bringen wir Kinder und Familien zusammen &#8211; kreativ, nachhaltig und mit viel Herz. Wir schaffen Begegnungen, st\u00e4rken das Miteinander und bieten Raum f\u00fcr Austausch, Freude und Erfahrungen. Dabei stehen Gemeinschaft, Unterst\u00fctzung und ein repektvolles Miteinander immer im Mittelpunkt.<\/span><\/p>\n                  <\/div>\n                <\/div>\n              <\/div>\n            <\/div>\n          <\/div>\n        <\/div>\n      <\/div>\n      <div data-colibri-id=\"35-c3\" class=\"h-row-container gutters-row-lg-2 gutters-row-md-2 gutters-row-2 gutters-row-v-lg-2 gutters-row-v-md-2 gutters-row-v-2 style-1002 style-local-35-c3 position-relative\">\n        <!---->\n        <div class=\"h-row justify-content-lg-center justify-content-md-center justify-content-center align-items-lg-stretch align-items-md-stretch align-items-stretch gutters-col-lg-2 gutters-col-md-2 gutters-col-2 gutters-col-v-lg-2 gutters-col-v-md-2 gutters-col-v-2\">\n          <!---->\n          <div class=\"h-column h-column-container d-flex h-col-lg-auto h-col-md-auto h-col-auto style-1003-outer style-local-35-c4-outer\">\n            <div data-colibri-id=\"35-c4\" class=\"d-flex h-flex-basis h-column__inner h-px-lg-0 h-px-md-0 h-px-0 v-inner-lg-0 v-inner-md-0 v-inner-0 style-1003 style-local-35-c4 position-relative\">\n              <!---->\n              <!---->\n              <div class=\"w-100 h-y-container h-column__content h-column__v-align flex-basis-100 align-self-lg-start align-self-md-start align-self-start\">\n                <!---->\n                <div data-colibri-id=\"35-c5\" class=\"h-row-container gutters-row-lg-2 gutters-row-md-2 gutters-row-2 gutters-row-v-lg-2 gutters-row-v-md-2 gutters-row-v-2 style-1004 style-local-35-c5 position-relative\">\n                  <!---->\n                  <div class=\"h-row justify-content-lg-center justify-content-md-center justify-content-center align-items-lg-stretch align-items-md-stretch align-items-stretch gutters-col-lg-2 gutters-col-md-2 gutters-col-2 gutters-col-v-lg-2 gutters-col-v-md-2 gutters-col-v-2\">\n                    <!---->\n                    <div class=\"h-column h-column-container d-flex h-col-lg-auto h-col-md-auto h-col-auto style-1005-outer style-local-35-c6-outer\">\n                      <div data-colibri-id=\"35-c6\" class=\"d-flex h-flex-basis h-column__inner h-px-lg-0 h-px-md-0 h-px-0 v-inner-lg-0 v-inner-md-0 v-inner-0 style-1005 style-local-35-c6 position-relative\">\n                        <!---->\n                        <!---->\n                        <div class=\"w-100 h-y-container h-column__content h-column__v-align flex-basis-100 align-self-lg-center align-self-md-center align-self-center\">\n                          <!---->\n                          <div data-colibri-id=\"35-c7\" class=\"h-global-transition-all h-heading style-1006 style-local-35-c7 position-relative h-element\">\n                            <!---->\n                            <div class=\"h-heading__outer style-1006 style-local-35-c7\">\n                              <!---->\n                              <!---->\n                              <h4 class=\"\">Zu Schade f\u00fcr den M\u00fcll<\/h4>\n                            <\/div>\n                          <\/div>\n                          <div data-colibri-id=\"35-c8\" class=\"h-text h-text-component style-1007 style-local-35-c8 position-relative h-element\">\n                            <!---->\n                            <!---->\n                            <div class=\"\">\n                              <p>Am 26. April fand unsere traditionelle Verschenkb\u00f6rse statt . Viele gut erhaltene Dinge wechselten an diesem Tag ihren Besitzer und bereiteten Familien eine gro\u00dfe Freude. Neben dem nachhaltigen Gedanken des Weitergebens standen\n                                vor allem die Begegnungen im Mittelpunkt.<\/p>\n                              <p>Wir danken allen, die durch ihre Spenden und ihren Besuch zu dieser sch\u00f6nen Atmosph\u00e4re beigetragen haben. Solche Aktionen zeigen, wie viel wir gemeinsam bewegen k\u00f6nnen.<\/p>\n                            <\/div>\n                          <\/div>\n                        <\/div>\n                      <\/div>\n                    <\/div>\n                    <div class=\"h-column h-column-container d-flex h-col-lg-auto h-col-md-auto h-col-auto style-1008-outer style-local-35-c9-outer\">\n                      <div data-colibri-id=\"35-c9\" class=\"d-flex h-flex-basis h-column__inner h-ui-empty-state-container h-px-lg-0 h-px-md-0 h-px-0 v-inner-lg-0 v-inner-md-0 v-inner-0 style-1008 style-local-35-c9 position-relative\">\n                        <!---->\n                        <!---->\n                        <div class=\"w-100 h-y-container h-column__content h-column__v-align flex-basis-100\">\n                          <!---->\n                        <\/div>\n                      <\/div>\n                    <\/div>\n                  <\/div>\n                <\/div>\n                <div data-colibri-id=\"35-c10\" class=\"h-row-container gutters-row-lg-2 gutters-row-md-2 gutters-row-2 gutters-row-v-lg-2 gutters-row-v-md-2 gutters-row-v-2 style-1004 style-local-35-c10 position-relative\">\n                  <!---->\n                  <div class=\"h-row justify-content-lg-center justify-content-md-center justify-content-center align-items-lg-stretch align-items-md-stretch align-items-stretch gutters-col-lg-2 gutters-col-md-2 gutters-col-2 gutters-col-v-lg-2 gutters-col-v-md-2 gutters-col-v-2\">\n                    <!---->\n                    <div class=\"h-column h-column-container d-flex h-col-lg-auto h-col-md-auto h-col-auto style-1048-outer style-local-35-c11-outer\">\n                      <div data-colibri-id=\"35-c11\" class=\"d-flex h-flex-basis h-column__inner h-ui-empty-state-container h-px-lg-0 h-px-md-0 h-px-0 v-inner-lg-0 v-inner-md-0 v-inner-0 style-1048 style-local-35-c11 position-relative\">\n                        <!---->\n                        <!---->\n                        <div class=\"w-100 h-y-container h-column__content h-column__v-align flex-basis-100\">\n                          <!---->\n                        <\/div>\n                      <\/div>\n                    <\/div>\n                    <div class=\"h-column h-column-container d-flex h-col-lg-auto h-col-md-auto h-col-auto style-1005-outer style-local-35-c12-outer\">\n                      <div data-colibri-id=\"35-c12\" class=\"d-flex h-flex-basis h-column__inner h-px-lg-0 h-px-md-0 h-px-0 v-inner-lg-0 v-inner-md-0 v-inner-0 style-1005 style-local-35-c12 position-relative\">\n                        <!---->\n                        <!---->\n                        <div class=\"w-100 h-y-container h-column__content h-column__v-align flex-basis-100 align-self-lg-center align-self-md-center align-self-center\">\n                          <!---->\n                          <div data-colibri-id=\"35-c13\" class=\"h-global-transition-all h-heading style-1006 style-local-35-c13 position-relative h-element\">\n                            <!---->\n                            <div class=\"h-heading__outer style-1006 style-local-35-c13\">\n                              <!---->\n                              <!---->\n                              <h4 class=\"\">Ferienpassaktion<\/h4>\n                            <\/div>\n                          <\/div>\n                          <div data-colibri-id=\"35-c14\" class=\"h-text h-text-component style-1010 style-local-35-c14 position-relative h-element\">\n                            <!---->\n                            <!---->\n                            <div class=\"\">\n                              <p>Unsere geheime Bastel-Mission ist gegl\u00fcckt. Mit viel Fantasie, Farbenfreude und Bastel-Eifer haben die Kinder ihre eigenen kleine Reisespiele gestaltet. Ob &#8222;Mensch \u00c4rgere-Dich-nicht&#8220;, &#8222;M\u00fchle&#8220;, &#8222;Schach&#8220; oder &#8222;Tic-Tac-Toe&#8220;\n                                &#8211; die Klassiker erstahlen jetzt im neuen Glanz.<\/p>\n                            <\/div>\n                          <\/div>\n                        <\/div>\n                      <\/div>\n                    <\/div>\n                  <\/div>\n                <\/div>\n                <div data-colibri-id=\"35-c15\" class=\"h-row-container gutters-row-lg-2 gutters-row-md-2 gutters-row-2 gutters-row-v-lg-2 gutters-row-v-md-2 gutters-row-v-2 style-1004 style-local-35-c15 position-relative\">\n                  <!---->\n                  <div class=\"h-row justify-content-lg-center justify-content-md-center justify-content-center align-items-lg-stretch align-items-md-stretch align-items-stretch gutters-col-lg-2 gutters-col-md-2 gutters-col-2 gutters-col-v-lg-2 gutters-col-v-md-2 gutters-col-v-2\">\n                    <!---->\n                    <div class=\"h-column h-column-container d-flex h-col-lg-auto h-col-md-auto h-col-auto style-1005-outer style-local-35-c16-outer\">\n                      <div data-colibri-id=\"35-c16\" class=\"d-flex h-flex-basis h-column__inner h-px-lg-0 h-px-md-0 h-px-0 v-inner-lg-0 v-inner-md-0 v-inner-0 style-1005 style-local-35-c16 position-relative\">\n                        <!---->\n                        <!---->\n                        <div class=\"w-100 h-y-container h-column__content h-column__v-align flex-basis-100 align-self-lg-center align-self-md-center align-self-center\">\n                          <!---->\n                          <div data-colibri-id=\"35-c17\" class=\"h-global-transition-all h-heading style-1006 style-local-35-c17 position-relative h-element\">\n                            <!---->\n                            <div class=\"h-heading__outer style-1006 style-local-35-c17\">\n                              <!---->\n                              <!---->\n                              <h4 class=\"\">Weltkindertag<\/h4>\n                            <\/div>\n                          <\/div>\n                          <div data-colibri-id=\"35-c18\" class=\"h-text h-text-component style-1011 style-local-35-c18 position-relative h-element\">\n                            <!---->\n                            <!---->\n                            <div class=\"\">\n                              <p>Am 27. September waren wir mit einem eigenen Stand beim Weltkindertag vertreten und durften viele strahlende Kinderaugen erleben. Unser Gl\u00fccksrad entwickelte sich schnell zu einem echten Publikumsmagneten, und auch beim Kinderschminken\n                                herrschte durchgehend gro\u00dfer Andrang.<\/p>\n                              <p>Die Freude der Kinder war f\u00fcr uns das sch\u00f6nste Geschenk. Es war ein lebendiger, bunter Tag, den wir in bester Erinnerung behalten werden.<\/p>\n                            <\/div>\n                          <\/div>\n                        <\/div>\n                      <\/div>\n                    <\/div>\n                    <div class=\"h-column h-column-container d-flex h-col-lg-auto h-col-md-auto h-col-auto style-1012-outer style-local-35-c19-outer\">\n                      <div data-colibri-id=\"35-c19\" class=\"d-flex h-flex-basis h-column__inner h-ui-empty-state-container h-px-lg-0 h-px-md-0 h-px-0 v-inner-lg-0 v-inner-md-0 v-inner-0 style-1012 style-local-35-c19 position-relative\">\n                        <!---->\n                        <!---->\n                        <div class=\"w-100 h-y-container h-column__content h-column__v-align flex-basis-100\">\n                          <!---->\n                        <\/div>\n                      <\/div>\n                    <\/div>\n                  <\/div>\n                <\/div>\n              <\/div>\n            <\/div>\n          <\/div>\n          <div class=\"h-column h-column-container d-flex h-col-lg-auto h-col-md-auto h-col-auto style-1003-outer style-local-35-c20-outer\">\n            <div data-colibri-id=\"35-c20\" class=\"d-flex h-flex-basis h-column__inner h-px-lg-0 h-px-md-0 h-px-0 v-inner-lg-0 v-inner-md-0 v-inner-0 style-1003 style-local-35-c20 position-relative\">\n              <!---->\n              <!---->\n              <div class=\"w-100 h-y-container h-column__content h-column__v-align flex-basis-100 align-self-lg-start align-self-md-start align-self-start\">\n                <!---->\n                <div data-colibri-id=\"35-c21\" class=\"h-row-container gutters-row-lg-2 gutters-row-md-2 gutters-row-2 gutters-row-v-lg-2 gutters-row-v-md-2 gutters-row-v-2 style-1049 style-local-35-c21 position-relative\">\n                  <!---->\n                  <div class=\"h-row justify-content-lg-center justify-content-md-center justify-content-center align-items-lg-stretch align-items-md-stretch align-items-stretch gutters-col-lg-2 gutters-col-md-2 gutters-col-2 gutters-col-v-lg-2 gutters-col-v-md-2 gutters-col-v-2\">\n                    <!---->\n                    <div class=\"h-column h-column-container d-flex h-col-lg-auto h-col-md-auto h-col-auto style-1009-outer style-local-35-c22-outer\">\n                      <div data-colibri-id=\"35-c22\" class=\"d-flex h-flex-basis h-column__inner h-ui-empty-state-container h-px-lg-0 h-px-md-0 h-px-0 v-inner-lg-0 v-inner-md-0 v-inner-0 style-1009 style-local-35-c22 position-relative\">\n                        <!---->\n                        <!---->\n                        <div class=\"w-100 h-y-container h-column__content h-column__v-align flex-basis-100\">\n                          <!---->\n                        <\/div>\n                      <\/div>\n                    <\/div>\n                    <div class=\"h-column h-column-container d-flex h-col-lg-auto h-col-md-auto h-col-auto style-1005-outer style-local-35-c23-outer\">\n                      <div data-colibri-id=\"35-c23\" class=\"d-flex h-flex-basis h-column__inner h-px-lg-0 h-px-md-0 h-px-0 v-inner-lg-0 v-inner-md-0 v-inner-0 style-1005 style-local-35-c23 position-relative\">\n                        <!---->\n                        <!---->\n                        <div class=\"w-100 h-y-container h-column__content h-column__v-align flex-basis-100 align-self-lg-center align-self-md-center align-self-center\">\n                          <!---->\n                          <div data-colibri-id=\"35-c24\" class=\"h-global-transition-all h-heading style-1006 style-local-35-c24 position-relative h-element\">\n                            <!---->\n                            <div class=\"h-heading__outer style-1006 style-local-35-c24\">\n                              <!---->\n                              <!---->\n                              <h4 class=\"\">Weihnachtsdorf<\/h4>\n                            <\/div>\n                          <\/div>\n                          <div data-colibri-id=\"35-c25\" class=\"h-text h-text-component style-1010 style-local-35-c25 position-relative h-element\">\n                            <!---->\n                            <!---->\n                            <div class=\"\">\n                              <p>Am 11. Dezember waren wir Teil des Weihnachtsdorfes und durften zahlreiche Besucherinnen und Besucher an unserem Stand begr\u00fc\u00dfen. Mit frisch gebackenen Waffeln, w\u00e4rmendem Gl\u00fchwein, Kinderpunsch sowie unseren liebevoll selbst\n                                gebastelten Weihnachtskarten konnten wir viele Menschen begeistern.<\/p>\n                              <p>Die positive Resonanz, die vielen Gespr\u00e4che und die fr\u00f6hliche, vorweihnachtliche Atmosph\u00e4re machten diesen Tag f\u00fcr uns zu einem rundum gelungenen Erlebnis. Es war sch\u00f6n zu sp\u00fcren, wie Gemeinschaft und Engagement gerade in\n                                der Adventszeit verbinden.<\/p>\n                            <\/div>\n                          <\/div>\n                        <\/div>\n                      <\/div>\n                    <\/div>\n                  <\/div>\n                <\/div>\n              <\/div>\n            <\/div>\n          <\/div>\n        <\/div>\n      <\/div>\n    <\/div>\n  <\/div>\n<\/div>","protected":false},"excerpt":{"rendered":"<p>Zu schade f\u00fcr den M\u00fcll! Wir starten wieder&nbsp;unsere Aktion&nbsp;f\u00fcr alle&nbsp;Gro\u00df &amp; Klein! Ihr habt gut erhaltene Dinge.Bringt sie gerne vorbei und schenkt ihnen eine zweite Chance. Bei uns darf anschlie\u00dfend nach Herzenslust gest\u00f6bert und mitgenommen werden, was gef\u00e4llt. Au\u00dferdem gibt es wieder ein leckeres Kuchenbuffet. \u00dcber eine Spende f\u00fcr unsere Vereinskasse freuen wir uns sehr. [&hellip;]<\/p>\n","protected":false},"author":1,"featured_media":0,"parent":0,"menu_order":0,"comment_status":"closed","ping_status":"closed","template":"page-templates\/full-width-page.php","meta":{"footnotes":""},"class_list":["post-35","page","type-page","status-publish","hentry"],"_links":{"self":[{"href":"https:\/\/kinderschutzbund-bockenem.de\/index.php?rest_route=\/wp\/v2\/pages\/35","targetHints":{"allow":["GET"]}}],"collection":[{"href":"https:\/\/kinderschutzbund-bockenem.de\/index.php?rest_route=\/wp\/v2\/pages"}],"about":[{"href":"https:\/\/kinderschutzbund-bockenem.de\/index.php?rest_route=\/wp\/v2\/types\/page"}],"author":[{"embeddable":true,"href":"https:\/\/kinderschutzbund-bockenem.de\/index.php?rest_route=\/wp\/v2\/users\/1"}],"replies":[{"embeddable":true,"href":"https:\/\/kinderschutzbund-bockenem.de\/index.php?rest_route=%2Fwp%2Fv2%2Fcomments&post=35"}],"version-history":[{"count":11,"href":"https:\/\/kinderschutzbund-bockenem.de\/index.php?rest_route=\/wp\/v2\/pages\/35\/revisions"}],"predecessor-version":[{"id":1113,"href":"https:\/\/kinderschutzbund-bockenem.de\/index.php?rest_route=\/wp\/v2\/pages\/35\/revisions\/1113"}],"wp:attachment":[{"href":"https:\/\/kinderschutzbund-bockenem.de\/index.php?rest_route=%2Fwp%2Fv2%2Fmedia&parent=35"}],"curies":[{"name":"wp","href":"https:\/\/api.w.org\/{rel}","templated":true}]}}